{"id":2233,"date":"2013-10-29T14:10:21","date_gmt":"2013-10-29T14:10:21","guid":{"rendered":"http:\/\/codex-themes.com\/codeus\/?page_id=2233"},"modified":"2017-02-02T20:41:31","modified_gmt":"2017-02-02T20:41:31","slug":"societe","status":"publish","type":"page","link":"https:\/\/www.nstel.fr\/?page_id=2233","title":{"rendered":"Soci\u00e9t\u00e9"},"content":{"rendered":"<div class=\"wpb-content-wrapper\"><p>&nbsp;<\/p>\n<p>[vc_row][vc_column width=&#8221;1\/2&#8243;]<\/p>\n<div>\n<h3 class=\"iconed-title\" ><span class=\"icon\">&#xe60f;<\/span>Profile<\/h3>\n<\/div>\n<p>[vc_column_text]<\/p>\n<p>Cr\u00e9\u00e9e \u00a0en septembre<b> 2003, N.S.TEL<\/b> est une soci\u00e9t\u00e9 de conseils en implantation de nouvelles technologies dans les TPE-PME.<\/p>\n<p>Interlocuteur \u00a0unique de nos clients, nous apportons une solution globale pour l\u2019ensemble des probl\u00e9matiques informatiques t\u00e9l\u00e9coms.<\/p>\n<p>L\u2019expertise r\u00e9unie de nos collaborateurs (plus de 10 ans d\u2019exp\u00e9rience chacun) nous permettent de couvrir l\u2019ensemble des besoins de nos clients, rassembl\u00e9s autour de 3 principaux domaines que sont : l\u2019informatique (infog\u00e9rance, mat\u00e9riel, etc\u2026), les r\u00e9seaux (locaux et distants, la s\u00e9curit\u00e9, le cloud, etc\u2026), la mobilit\u00e9 et les t\u00e9l\u00e9communications (nomadisme, technologies mobiles, etc\u2026).<\/p>\n<p>[\/vc_column_text]<\/p>\n<div class=\"divider linebreak\">&nbsp;<\/div>\n<div class=\"noscript accordion closed\">\n<h5>Notre valeur ajout\u00e9e<\/h5>\n<div>[vc_column_text]<\/p>\n<p>L\u2019expertise technique pour mettre la technologie au service des utilisateurs.<\/p>\n<p>[\/vc_column_text]<\/p><\/div>\n<\/div>\n<div class=\"loading\"><\/div>\n<div class=\"noscript accordion closed\">\n<h5>Recommandation<\/h5>\n<div>[vc_column_text]<\/p>\n<p>A ce jour N.S.TEL \u00ab\u00a0recrute\u00a0\u00bb 95% de ses clients au travers\u00a0les recommandations de 2 sources :<\/p>\n<ul>\n<li>Nos clients<\/li>\n<li>Les r\u00e9seaux de partenaires\u00a0 (consultants, ind\u00e9pendants, confr\u00e8res\u00a0 etc\u2026)<\/li>\n<\/ul>\n<p>[\/vc_column_text]<\/p><\/div>\n<\/div>\n<div class=\"loading\"><\/div>\n<div class=\"noscript accordion closed\">\n<h5>Satisfaction<\/h5>\n<div>[vc_column_text]<\/p>\n<p>Notre d\u00e9veloppement NE PASSE donc que par la satisfaction sans faille de nos clients et partenaires.<\/p>\n<p>Cette derni\u00e8re se traduit par un chiffre : <strong>97% de nos clients <\/strong>de l\u2019ann\u00e9e de notre cr\u00e9ation le sont toujours \u00e0 ce jour !<\/p>\n<p>[\/vc_column_text]<\/p><\/div>\n<\/div>\n<div class=\"loading\"><\/div>\n<p>[\/vc_column][vc_column width=&#8221;1\/2&#8243;]<\/p>\n<div>\n<h3 class=\"iconed-title\" ><span class=\"icon\">&#xe67b;<\/span>Nos Comp\u00e9tences &amp; Points Forts<\/h3>\n<\/div>\n<div class=\"diagram-item\">\n<div class=\"diagram-wrapper\">\n<div class=\"diagram-circle clearfix\" data-max-font-size=\"21\" data-title=\"Comp\u00e9tences\" data-summary=\"Hover me!\">\n<div class=\"box-wrapper\">\n<div class=\"box\"><\/div>\n<\/div>\n<div class=\"skills\">\n<div class=\"skill-arc\"><span class=\"title\">Satisfaction<\/span><input type=\"hidden\" class=\"percent\" value=\"97\" \/><input type=\"hidden\" class=\"color\" value=\"#566270\" \/><\/div>\n<div class=\"skill-arc\"><span class=\"title\">Qualit\u00e9 2<\/span><input type=\"hidden\" class=\"percent\" value=\"62\" \/><input type=\"hidden\" class=\"color\" value=\"#50CDC5\" \/><\/div>\n<div class=\"skill-arc\"><span class=\"title\">Qualit\u00e9 3<\/span><input type=\"hidden\" class=\"percent\" value=\"65\" \/><input type=\"hidden\" class=\"color\" value=\"#C7F465\" \/><\/div>\n<div class=\"skill-arc\"><span class=\"title\">Qualit\u00e9 4<\/span><input type=\"hidden\" class=\"percent\" value=\"42\" \/><input type=\"hidden\" class=\"color\" value=\"#FF6B6B\" \/><\/div>\n<div class=\"skill-arc\"><span class=\"title\">Qualit\u00e9 5<\/span><input type=\"hidden\" class=\"percent\" value=\"32\" \/><input type=\"hidden\" class=\"color\" value=\"#C7F0F6\" \/><\/div>\n<\/div>\n<\/div>\n<\/div>\n<\/div>\n<p>[\/vc_column][\/vc_row][vc_row][vc_column width=&#8221;1\/1&#8243;]<\/p>\n<div class=\"divider double\"><\/div>\n<div class=\"divider linebreak\">&nbsp;<\/div>\n<p>[vc_column_text]<\/p>\n<h2 style=\"text-align: center;\"><\/h2>\n<\/div>","protected":false},"excerpt":{"rendered":"<p>&nbsp; [vc_row][vc_column width=&#8221;1\/2&#8243;][vc_column_text] Cr\u00e9\u00e9e \u00a0en septembre 2003, N.S.TEL est une soci\u00e9t\u00e9 de conseils en implantation de nouvelles technologies dans les&#8230;<\/p>\n","protected":false},"author":1,"featured_media":0,"parent":0,"menu_order":0,"comment_status":"closed","ping_status":"open","template":"","meta":{"footnotes":""},"class_list":["post-2233","page","type-page","status-publish","hentry"],"_links":{"self":[{"href":"https:\/\/www.nstel.fr\/index.php?rest_route=\/wp\/v2\/pages\/2233","targetHints":{"allow":["GET"]}}],"collection":[{"href":"https:\/\/www.nstel.fr\/index.php?rest_route=\/wp\/v2\/pages"}],"about":[{"href":"https:\/\/www.nstel.fr\/index.php?rest_route=\/wp\/v2\/types\/page"}],"author":[{"embeddable":true,"href":"https:\/\/www.nstel.fr\/index.php?rest_route=\/wp\/v2\/users\/1"}],"replies":[{"embeddable":true,"href":"https:\/\/www.nstel.fr\/index.php?rest_route=%2Fwp%2Fv2%2Fcomments&post=2233"}],"version-history":[{"count":12,"href":"https:\/\/www.nstel.fr\/index.php?rest_route=\/wp\/v2\/pages\/2233\/revisions"}],"predecessor-version":[{"id":4778,"href":"https:\/\/www.nstel.fr\/index.php?rest_route=\/wp\/v2\/pages\/2233\/revisions\/4778"}],"wp:attachment":[{"href":"https:\/\/www.nstel.fr\/index.php?rest_route=%2Fwp%2Fv2%2Fmedia&parent=2233"}],"curies":[{"name":"wp","href":"https:\/\/api.w.org\/{rel}","templated":true}]}}