{"id":4120,"date":"2017-02-02T21:59:51","date_gmt":"2017-02-02T21:59:51","guid":{"rendered":"http:\/\/wpk-test.d1.kreado.com\/?page_id=4120"},"modified":"2017-02-02T22:06:54","modified_gmt":"2017-02-02T22:06:54","slug":"telecom","status":"publish","type":"page","link":"https:\/\/www.nstel.fr\/?page_id=4120","title":{"rendered":"T\u00e9l\u00e9com"},"content":{"rendered":"<div class=\"wpb-content-wrapper\"><p>[vc_row][vc_column width=&#8221;1\/1&#8243;]<\/p>\n<div class=\"image wrap-box no-style below\" style=\"\">\n<div class=\"wrap-box-inner\"><img decoding=\"async\" class=\"wrap-box-element\" style=\" \" src=\"http:\/\/www.nstel.fr\/wp-content\/uploads\/2016\/07\/Telecom_Hero1.png\" alt=\"\"\/><\/div>\n<\/div>\n<div class=\"divider linebreak\">&nbsp;<\/div>\n<div class=\"divider linebreak\">&nbsp;<\/div>\n<p>[vc_column_text]<\/p>\n<p><span style=\"font-weight: 400;\">Sp\u00e9cialistes des entreprises multi-sites, nous avons d\u00e9velopp\u00e9 d\u00e8s notre cr\u00e9ation une expertise avanc\u00e9e dans les technologies d\u2019interconnexion de sites et d\u2019acc\u00e8s aux acc\u00e8s multi-op\u00e9rateurs.<\/span><\/p>\n<p>&nbsp;<\/p>\n<p><span style=\"font-weight: 400;\">N.S.TEL, a d\u00e9velopp\u00e9 depuis 5 ans une offre importante de t\u00e9l\u00e9phonie d\u2019entreprise , bas\u00e9e sur les infrastructures d\u2019op\u00e9rateurs innovants avec une valeur ajout\u00e9e certaine pour les utilisateurs : Les Communications Unifi\u00e9es.\u00a0<\/span><\/p>\n<p>[\/vc_column_text][\/vc_column][\/vc_row]<\/p>\n<\/div>","protected":false},"excerpt":{"rendered":"<p>[vc_row][vc_column width=&#8221;1\/1&#8243;] [vc_column_text] Sp\u00e9cialistes des entreprises multi-sites, nous avons d\u00e9velopp\u00e9 d\u00e8s notre cr\u00e9ation une expertise avanc\u00e9e dans les technologies d\u2019interconnexion&#8230;<\/p>\n","protected":false},"author":1,"featured_media":0,"parent":4478,"menu_order":3,"comment_status":"open","ping_status":"open","template":"page_sidebar_left.php","meta":{"footnotes":""},"class_list":["post-4120","page","type-page","status-publish","hentry"],"_links":{"self":[{"href":"https:\/\/www.nstel.fr\/index.php?rest_route=\/wp\/v2\/pages\/4120","targetHints":{"allow":["GET"]}}],"collection":[{"href":"https:\/\/www.nstel.fr\/index.php?rest_route=\/wp\/v2\/pages"}],"about":[{"href":"https:\/\/www.nstel.fr\/index.php?rest_route=\/wp\/v2\/types\/page"}],"author":[{"embeddable":true,"href":"https:\/\/www.nstel.fr\/index.php?rest_route=\/wp\/v2\/users\/1"}],"replies":[{"embeddable":true,"href":"https:\/\/www.nstel.fr\/index.php?rest_route=%2Fwp%2Fv2%2Fcomments&post=4120"}],"version-history":[{"count":2,"href":"https:\/\/www.nstel.fr\/index.php?rest_route=\/wp\/v2\/pages\/4120\/revisions"}],"predecessor-version":[{"id":4789,"href":"https:\/\/www.nstel.fr\/index.php?rest_route=\/wp\/v2\/pages\/4120\/revisions\/4789"}],"up":[{"embeddable":true,"href":"https:\/\/www.nstel.fr\/index.php?rest_route=\/wp\/v2\/pages\/4478"}],"wp:attachment":[{"href":"https:\/\/www.nstel.fr\/index.php?rest_route=%2Fwp%2Fv2%2Fmedia&parent=4120"}],"curies":[{"name":"wp","href":"https:\/\/api.w.org\/{rel}","templated":true}]}}