{"id":4478,"date":"2016-07-02T16:08:56","date_gmt":"2016-07-02T16:08:56","guid":{"rendered":"http:\/\/www.nstel.fr\/?page_id=4478"},"modified":"2017-02-02T22:18:23","modified_gmt":"2017-02-02T22:18:23","slug":"services","status":"publish","type":"page","link":"https:\/\/www.nstel.fr\/?page_id=4478","title":{"rendered":"Services"},"content":{"rendered":"<div class=\"one_third\">\n<div class=\"text_box\" style=\"border: none; \">\n<div class=\"text clearfix\" style=\"\">\n<div class=\"image wrap-box style-5 below\" style=\"\">\n<div class=\"wrap-box-inner\">\n<div class=\"shadow-wrap\"><a class=\"fancy\" href=\"http:\/\/www.nstel.fr\/wp-content\/uploads\/2016\/07\/infogerance.jpg\"><img decoding=\"async\" class=\"wrap-box-element\" style=\" \" src=\"http:\/\/www.nstel.fr\/wp-content\/uploads\/2016\/07\/infogerance.jpg\" alt=\"\"\/><span class=\"overlay\"><\/span><\/a><\/div>\n<\/div>\n<\/div>\n<p>[vc_column_text]<\/p>\n<h5><a href=\"http:\/\/www.nstel.fr\/?page_id=2226\"><b>INFOGERANCE<\/b><\/a><\/h5>\n<p><span style=\"font-weight: 400;\">Notre prestation d\u2019infog\u00e9rance est un service complet pour la gestion compl\u00e8te des besoins IT des PME : <\/span><\/p>\n<ul>\n<li style=\"font-weight: 400;\"><span style=\"font-weight: 400;\"> la maintenance du parc informatique<\/span><\/li>\n<li style=\"font-weight: 400;\"><span style=\"font-weight: 400;\">la surveillance et s\u00e9curisation de tous les syst\u00e8mes et r\u00e9seaux<\/span><\/li>\n<li style=\"font-weight: 400;\"><span style=\"font-weight: 400;\">un support technique et une assistnce pour les diff\u00e9rents utilisateurs <\/span><\/li>\n<li style=\"font-weight: 400;\"><span style=\"font-weight: 400;\">une \u00e9volution et une optimisation du syst\u00e8me global (parc informatique et logiciels) pour une optimiser les performances<\/span><\/li>\n<li style=\"font-weight: 400;\"><span style=\"font-weight: 400;\">la maintenance et la gestion de l\u2019infrastructure serveurs et r\u00e9seaux (fichiers, messagerie, sauvegarde etc\u2026)<\/span><\/li>\n<\/ul>\n<p><span style=\"font-weight: 400;\">Une prestation forfaitaire sans surprise!<\/span><br \/>\n[\/vc_column_text]<\/div>\n<\/div>\n<\/div>\n<div class=\"one_third\">\n<div class=\"text_box\" style=\"border: none; \">\n<div class=\"text clearfix\" style=\"\">\n<div class=\"image wrap-box style-5 below\" style=\"\">\n<div class=\"wrap-box-inner\">\n<div class=\"shadow-wrap\"><a class=\"fancy\" href=\"http:\/\/www.nstel.fr\/wp-content\/uploads\/2016\/07\/1.jpg\"><img decoding=\"async\" class=\"wrap-box-element\" style=\" \" src=\"http:\/\/www.nstel.fr\/wp-content\/uploads\/2016\/07\/1.jpg\" alt=\"\"\/><span class=\"overlay\"><\/span><\/a><\/div>\n<\/div>\n<\/div>\n<p>[vc_column_text]<\/p>\n<h5><a href=\"http:\/\/www.nstel.fr\/?page_id=4121\"><b>SECURITE<\/b><\/a><\/h5>\n<h5><\/h5>\n<p><span style=\"font-weight: 400;\">Sans compromis, nos pr\u00e9conisations en terme de s\u00e9curit\u00e9 tournent autour de 4 axes majeurs : <\/span><\/p>\n<ul>\n<li style=\"font-weight: 400;\"><span style=\"font-weight: 400;\">la s\u00e9curit\u00e9 Internet (gestion et administration du pare-feu et ses services)<\/span><\/li>\n<li style=\"font-weight: 400;\"><span style=\"font-weight: 400;\">la gestion compl\u00e8te et homog\u00e8ne d\u2019une solution antivirus<\/span><\/li>\n<li style=\"font-weight: 400;\"><span style=\"font-weight: 400;\">un plan de sauvegarde r\u00e9gulier et test\u00e9 pour une reprise d\u2019activit\u00e9 rapide<\/span><\/li>\n<\/ul>\n<p>&nbsp;<\/p>\n<p style=\"font-weight: 400;\"><strong>Et enfin l\u2019axe le plus important :<\/strong><\/p>\n<h4><span style=\"font-size: 16px; line-height: 2,9;\">\u00a0<\/span><\/h4>\n<h6>La formation des utilisateurs aux bonnes pratiques et \u00e0 l\u2019usage des outils mis \u00e0 leurs disposition<\/h6>\n<p>[\/vc_column_text]<\/p><\/div>\n<\/div>\n<\/div>\n<div class=\"one_third last\">\n<div class=\"text_box\" style=\"border: none; \">\n<div class=\"text clearfix\" style=\"\">\n<div class=\"image wrap-box style-5 below\" style=\"\">\n<div class=\"wrap-box-inner\">\n<div class=\"shadow-wrap\"><a class=\"fancy\" href=\"http:\/\/www.nstel.fr\/wp-content\/uploads\/2016\/07\/Sans-titre-1.jpg\"><img decoding=\"async\" class=\"wrap-box-element\" style=\" \" src=\"http:\/\/www.nstel.fr\/wp-content\/uploads\/2016\/07\/Sans-titre-1.jpg\" alt=\"\"\/><span class=\"overlay\"><\/span><\/a><\/div>\n<\/div>\n<\/div>\n<p>[vc_column_text]<\/p>\n<h5><b><a href=\"http:\/\/www.nstel.fr\/?page_id=4120\">TELECOM<\/a><\/b><\/h5>\n<p><span style=\"font-weight: 400;\">Sp\u00e9cialistes des entreprises multi-sites, nous avons d\u00e9velopp\u00e9 d\u00e8s notre cr\u00e9ation une expertise avanc\u00e9e dans les technologies d\u2019interconnexion de sites et d\u2019acc\u00e8s aux acc\u00e8s multi-op\u00e9rateurs.<\/span><\/p>\n<h4><span style=\"font-size: 16px; line-height: 1.5;\">\u00a0<\/span><\/h4>\n<h3><span style=\"font-size: 16px; line-height: 2,9;\">\u00a0<\/span><\/h3>\n<p><span style=\"font-weight: 400;\">N.S.TEL, a d\u00e9velopp\u00e9 depuis 5 ans une offre importante de t\u00e9l\u00e9phonie d\u2019entreprise , bas\u00e9e sur les infrastructures d\u2019op\u00e9rateurs innovants avec une valeur ajout\u00e9e certaine pour les utilisateurs : Les Communications Unifi\u00e9es<\/span><\/p>\n<h4><span style=\"font-size: 16px; line-height: 2,9;\">\u00a0<\/span><\/h4>\n<h5><span style=\"font-size: 16px; line-height: 1.5;\">\u00a0<\/span><\/h5>\n<h5><span style=\"font-size: 16px; line-height: 1.5;\">\u00a0<\/span><\/h5>\n<p>[\/vc_column_text]<\/p><\/div>\n<\/div>\n<\/div>\n<div class=\"clear\"><\/div>\n","protected":false},"excerpt":{"rendered":"[vc_column_text] INFOGERANCE Notre prestation d\u2019infog\u00e9rance est un service complet pour la gestion compl\u00e8te des besoins IT des PME : la...","protected":false},"author":1,"featured_media":0,"parent":0,"menu_order":0,"comment_status":"closed","ping_status":"closed","template":"","meta":{"footnotes":""},"class_list":["post-4478","page","type-page","status-publish","hentry"],"_links":{"self":[{"href":"https:\/\/www.nstel.fr\/index.php?rest_route=\/wp\/v2\/pages\/4478","targetHints":{"allow":["GET"]}}],"collection":[{"href":"https:\/\/www.nstel.fr\/index.php?rest_route=\/wp\/v2\/pages"}],"about":[{"href":"https:\/\/www.nstel.fr\/index.php?rest_route=\/wp\/v2\/types\/page"}],"author":[{"embeddable":true,"href":"https:\/\/www.nstel.fr\/index.php?rest_route=\/wp\/v2\/users\/1"}],"replies":[{"embeddable":true,"href":"https:\/\/www.nstel.fr\/index.php?rest_route=%2Fwp%2Fv2%2Fcomments&post=4478"}],"version-history":[{"count":47,"href":"https:\/\/www.nstel.fr\/index.php?rest_route=\/wp\/v2\/pages\/4478\/revisions"}],"predecessor-version":[{"id":4800,"href":"https:\/\/www.nstel.fr\/index.php?rest_route=\/wp\/v2\/pages\/4478\/revisions\/4800"}],"wp:attachment":[{"href":"https:\/\/www.nstel.fr\/index.php?rest_route=%2Fwp%2Fv2%2Fmedia&parent=4478"}],"curies":[{"name":"wp","href":"https:\/\/api.w.org\/{rel}","templated":true}]}}